{"id":4346,"date":"2021-01-18T14:37:39","date_gmt":"2021-01-18T13:37:39","guid":{"rendered":"https:\/\/unirasmedica.relaxzone.it\/?page_id=4346"},"modified":"2024-06-19T19:07:33","modified_gmt":"2024-06-19T17:07:33","slug":"company-profile","status":"publish","type":"page","link":"https:\/\/www.unirasmedica.it\/?page_id=4346","title":{"rendered":"Company Profile"},"content":{"rendered":"<p>[et_pb_section fb_built=&#8221;1&#8243; _builder_version=&#8221;4.16&#8243; _module_preset=&#8221;default&#8221; use_background_color_gradient=&#8221;on&#8221; background_color_gradient_stops=&#8221;rgba(3,92,197,0.7) 0%|rgba(3,92,197,0.7) 100%&#8221; background_color_gradient_overlays_image=&#8221;on&#8221; background_color_gradient_start=&#8221;rgba(3,92,197,0.7)&#8221; background_color_gradient_end=&#8221;rgba(3,92,197,0.7)&#8221; background_image=&#8221;https:\/\/www.unirasmedica.it\/wp-content\/uploads\/2016\/03\/dentist-06.jpg&#8221; custom_padding=&#8221;0px||0px||true|false&#8221; global_colors_info=&#8221;{}&#8221;][et_pb_row column_structure=&#8221;1_3,1_3,1_3&#8243; _builder_version=&#8221;4.16&#8243; _module_preset=&#8221;default&#8221; background_color=&#8221;#ffffff&#8221; width=&#8221;100%&#8221; max_width=&#8221;100%&#8221; custom_padding=&#8221;0px||0px||true|false&#8221; background_last_edited=&#8221;on|phone&#8221; custom_css_main_element=&#8221;display: flex;||align-items: center;||flex-wrap: wrap;&#8221; global_colors_info=&#8221;{}&#8221;][et_pb_column type=&#8221;1_3&#8243; disabled_on=&#8221;on|off|off&#8221; _builder_version=&#8221;4.16&#8243; _module_preset=&#8221;default&#8221; background_enable_color=&#8221;off&#8221; positioning=&#8221;fixed&#8221; position_origin_a_tablet=&#8221;&#8221; position_origin_a_phone=&#8221;&#8221; position_origin_a_last_edited=&#8221;on|desktop&#8221; position_origin_f_tablet=&#8221;&#8221; position_origin_f_phone=&#8221;top_left&#8221; position_origin_f_last_edited=&#8221;on|desktop&#8221; position_origin_r_tablet=&#8221;&#8221; position_origin_r_phone=&#8221;&#8221; position_origin_r_last_edited=&#8221;on|desktop&#8221; positioning_tablet=&#8221;relative&#8221; positioning_phone=&#8221;none&#8221; positioning_last_edited=&#8221;on|tablet&#8221; custom_css_main_element=&#8221;||\/* Keyword values *\/||background-attachment: scroll;||background-attachment: fixed;||background-attachment: local;||display: fixed;&#8221; global_colors_info=&#8221;{}&#8221; custom_css_main_element_last_edited=&#8221;on|desktop&#8221; custom_css_main_element_tablet=&#8221;||\/* Keyword values *\/||background-attachment: scroll;||background-attachment: fixed;||background-attachment: local;||display: fixed;&#8221; custom_css_main_element_phone=&#8221;||\/* Keyword values *\/||background-attachment: scroll;||background-attachment: fixed;||background-attachment: local;||display: fixed;&#8221;][et_pb_image src=&#8221;https:\/\/www.unirasmedica.it\/wp-content\/uploads\/2021\/08\/Neuro.jpg&#8221; title_text=&#8221;Neuro&#8221; force_fullwidth=&#8221;on&#8221; disabled_on=&#8221;on|on|off&#8221; _builder_version=&#8221;4.25.0&#8243; _module_preset=&#8221;default&#8221; hover_enabled=&#8221;0&#8243; global_colors_info=&#8221;{}&#8221; sticky_enabled=&#8221;0&#8243;][\/et_pb_image][et_pb_code _builder_version=&#8221;4.16&#8243; _module_preset=&#8221;default&#8221; global_colors_info=&#8221;{}&#8221;][\/et_pb_code][\/et_pb_column][et_pb_column type=&#8221;1_3&#8243; disabled_on=&#8221;on|on|on&#8221; _builder_version=&#8221;4.16&#8243; _module_preset=&#8221;default&#8221; background_enable_color=&#8221;off&#8221; disabled=&#8221;on&#8221; global_colors_info=&#8221;{}&#8221;][\/et_pb_column][et_pb_column type=&#8221;1_3&#8243; disabled_on=&#8221;on|on|on&#8221; _builder_version=&#8221;4.16&#8243; _module_preset=&#8221;default&#8221; background_enable_color=&#8221;off&#8221; disabled=&#8221;on&#8221; global_colors_info=&#8221;{}&#8221;][\/et_pb_column][\/et_pb_row][\/et_pb_section][et_pb_section fb_built=&#8221;1&#8243; _builder_version=&#8221;4.16&#8243; _module_preset=&#8221;default&#8221; background_enable_image=&#8221;off&#8221; global_colors_info=&#8221;{}&#8221;][et_pb_row column_structure=&#8221;1_4,3_4&#8243; _builder_version=&#8221;4.25.0&#8243; _module_preset=&#8221;default&#8221; width=&#8221;100%&#8221; hover_enabled=&#8221;0&#8243; global_colors_info=&#8221;{}&#8221; sticky_enabled=&#8221;0&#8243;][et_pb_column type=&#8221;1_4&#8243; _builder_version=&#8221;4.16&#8243; _module_preset=&#8221;default&#8221; global_colors_info=&#8221;{}&#8221;][\/et_pb_column][et_pb_column type=&#8221;3_4&#8243; _builder_version=&#8221;4.16&#8243; _module_preset=&#8221;default&#8221; global_colors_info=&#8221;{}&#8221;][et_pb_text content_last_edited=&#8221;off|desktop&#8221; _builder_version=&#8221;4.16&#8243; _module_preset=&#8221;default&#8221; text_font=&#8221;Montserrat|700||on|||||&#8221; text_font_size=&#8221;18px&#8221; header_2_font_size=&#8221;34px&#8221; header_3_font_size=&#8221;24px&#8221; header_4_font_size=&#8221;22px&#8221; custom_margin=&#8221;||0px|||&#8221; text_font_size_tablet=&#8221;&#8221; text_font_size_phone=&#8221;&#8221; text_font_size_last_edited=&#8221;on|phone&#8221; header_2_font_tablet=&#8221;&#8221; header_2_font_phone=&#8221;&#8221; header_2_font_last_edited=&#8221;on|desktop&#8221; header_2_font_size_tablet=&#8221;30px&#8221; header_2_font_size_phone=&#8221;24px&#8221; header_2_font_size_last_edited=&#8221;on|phone&#8221; header_3_font_size_tablet=&#8221;22px&#8221; header_3_font_size_phone=&#8221;18px&#8221; header_3_font_size_last_edited=&#8221;on|desktop&#8221; header_4_font_size_tablet=&#8221;20px&#8221; header_4_font_size_phone=&#8221;18px&#8221; header_4_font_size_last_edited=&#8221;on|desktop&#8221; global_colors_info=&#8221;{}&#8221;]<\/p>\n<h2 style=\"text-align: center;\">Company Profile<\/h2>\n<div class=\"et_pb_module et_pb_text et_pb_text_4  et_pb_text_align_left et_pb_bg_layout_light\">\n<div class=\"et_pb_text_inner\"><\/div>\n<\/div>\n<p>[\/et_pb_text][et_pb_text _builder_version=&#8221;4.16&#8243; _module_preset=&#8221;default&#8221; text_font=&#8221;ABeeZee||||||||&#8221; text_font_size=&#8221;18px&#8221; text_line_height=&#8221;2em&#8221; background_color=&#8221;#FFFFFF&#8221; custom_padding=&#8221;5px|5px|5px|5px|false|false&#8221; custom_padding_tablet=&#8221;|20px||20px|false|false&#8221; custom_padding_phone=&#8221;|5px||5px|false|false&#8221; custom_padding_last_edited=&#8221;on|tablet&#8221; text_font_size_tablet=&#8221;&#8221; text_font_size_phone=&#8221;14px&#8221; text_font_size_last_edited=&#8221;on|desktop&#8221; text_line_height_tablet=&#8221;&#8221; text_line_height_phone=&#8221;1.7em&#8221; text_line_height_last_edited=&#8221;on|desktop&#8221; global_colors_info=&#8221;{}&#8221;]<\/p>\n<div class=\"et_pb_module et_pb_text et_pb_text_4  et_pb_text_align_left et_pb_bg_layout_light\">\n<div class=\"et_pb_text_inner\">\n<blockquote>\n<p><em>\u00a0\u201cL\u2019opera umana pi\u00f9 bella \u00e8 di essere utile al prossimo\u201d. (Sofocle)<\/em><\/p>\n<\/blockquote>\n<p style=\"text-align: justify;\"><span style=\"font-weight: 400;\"><\/span><\/p>\n<\/div>\n<\/div>\n<p>[\/et_pb_text][et_pb_image src=&#8221;https:\/\/www.unirasmedica.it\/wp-content\/uploads\/2021\/03\/Logo-Uniras-Medica-Blu.png&#8221; title_text=&#8221;Logo Uniras Medica -Blu&#8221; align=&#8221;center&#8221; _builder_version=&#8221;4.16&#8243; _module_preset=&#8221;default&#8221; width=&#8221;100%&#8221; width_tablet=&#8221;&#8221; width_phone=&#8221;&#8221; width_last_edited=&#8221;on|desktop&#8221; global_colors_info=&#8221;{}&#8221;][\/et_pb_image][et_pb_text _builder_version=&#8221;4.25.0&#8243; _module_preset=&#8221;default&#8221; text_font=&#8221;ABeeZee||||||||&#8221; text_font_size=&#8221;18px&#8221; text_line_height=&#8221;2em&#8221; background_color=&#8221;#FFFFFF&#8221; custom_padding=&#8221;5px|5px|5px|5px|false|false&#8221; custom_padding_tablet=&#8221;|20px||20px|false|false&#8221; custom_padding_phone=&#8221;|5px||5px|false|false&#8221; custom_padding_last_edited=&#8221;on|tablet&#8221; hover_enabled=&#8221;0&#8243; text_font_size_tablet=&#8221;&#8221; text_font_size_phone=&#8221;14px&#8221; text_font_size_last_edited=&#8221;on|desktop&#8221; text_line_height_tablet=&#8221;&#8221; text_line_height_phone=&#8221;1.7em&#8221; text_line_height_last_edited=&#8221;on|desktop&#8221; global_colors_info=&#8221;{}&#8221; sticky_enabled=&#8221;0&#8243;]<\/p>\n<div class=\"et_pb_module et_pb_text et_pb_text_4  et_pb_text_align_left et_pb_bg_layout_light\">\n<div class=\"et_pb_text_inner\">\n<p style=\"text-align: justify;\"><span style=\"font-weight: 400;\">Uniras Medica \u00e8 ricerca scientifica e sviluppo di nano tecnologie mediche e ausili medici per disabili e riabilitazione.<\/span><\/p>\n<p style=\"text-align: justify;\"><span style=\"font-weight: 400;\">L\u2019evoluzione e la qualit\u00e0 sono i cardini fondamentali, per poter stare al passo con i tempi ed assurgere alle esigenze delle persone che vanno supportate. La salute e il benessere sono obiettivi essenziali da raggiungere.<br \/><\/span><\/p>\n<p style=\"text-align: justify;\"><span style=\"font-weight: 400;\">La progettazione delle tecnologie non si basa esclusivamente su uno standard ma \u00e8 frutto della collaborazione preziosa del team medico scientifico specialistico, che coordino da diversi anni, oltre all&#8217;ulteriore grande collaborazione di miei cari amici atleti professionisti.<br \/><\/span><\/p>\n<p style=\"text-align: justify;\"><span style=\"font-weight: 400;\">Raccolta e sviluppo dati h24, test effettuati sul campo e in strutture sanitarie, studi scientifici garantiscono maggior sicurezza dei risultati sia in campo umano che veterinario, nel pieno rispetto sul trattamento dei dati sensibili.<br \/><\/span><\/p>\n<p style=\"text-align: justify;\"><span style=\"font-weight: 400;\"><\/span><\/p>\n<\/div>\n<\/div>\n<p>[\/et_pb_text][et_pb_tabs active_tab_text_color=&#8221;#0C71C3&#8243; _builder_version=&#8221;4.16&#8243; _module_preset=&#8221;default&#8221; body_text_align=&#8221;left&#8221; hover_enabled=&#8221;0&#8243; global_colors_info=&#8221;{}&#8221; sticky_enabled=&#8221;0&#8243;][et_pb_tab title=&#8221;Mission&#8221; _builder_version=&#8221;4.16&#8243; _module_preset=&#8221;default&#8221; global_colors_info=&#8221;{}&#8221;]<\/p>\n<p style=\"text-align: justify;\">Mission Statement<\/p>\n<p style=\"text-align: justify;\">La ricerca scientifica globale a vantaggio del benessere della persona e dei nostri amici animali.<\/p>\n<p style=\"text-align: justify;\">Per definizione una mission \u00e8 il risultato di uno sforzo di consenso di gruppo.\u00a0<\/p>\n<p style=\"text-align: justify;\">Per noi fare dell\u2019informazione al pubblico \u00e8 pi\u00f9 che una mission \u00e8 un dovere!<\/p>\n<p style=\"text-align: justify;\">Poter far luce sui dubbi della gente, permettere a tutti di poter ricevere indicazioni adeguate, affrontando tematiche inerenti lo sport e la prevenzione o la traumatologia, spaziando in dermatologia e nutrizionistica e psicologia. Non di minor importanza \u00e8 affrontare temi sul benessere del proprio amico a quattro zampe, ricevere aggiornamenti su come trattare determinate patologie.<\/p>\n<p style=\"text-align: justify;\">Siamo pi\u00f9 che convinti che questa nostra mission si evolver\u00e0 in futuro, perch\u00e9 ci\u00f2 che ci permetter\u00e0 di crescere e migliorare dipender\u00e0 anche da voi. Le discussioni che andremo a creare, in base ai temi che affronteremo, permetteranno a noi di maturare ed accrescere\u00a0 il bagaglio di\u00a0 informazioni ed a voi utenti di acquisire maggior chiarezza e risposte esaustive alle vostre importanti domande.<\/p>\n<p style=\"text-align: justify;\">Insieme avviamo questo percorso, lo arricchiremo di informazioni e articoli di qualit\u00e0 e tanti consigli; iscrivendovi al portale potrete ricevere ( nel pieno rispetto della normativa sulla privacy ) newsletter a tema di vostro interesse.<\/p>\n<p style=\"text-align: justify;\">Grazie a tutti voi per la vostra preziosa presenza.<\/p>\n<p style=\"text-align: justify;\">Achille Nigro<\/p>\n<p style=\"text-align: justify;\">Coordinamento scientifico<\/p>\n<p style=\"text-align: justify;\">\u00a0<\/p>\n<p>[\/et_pb_tab][\/et_pb_tabs][\/et_pb_column][\/et_pb_row][\/et_pb_section][et_pb_section fb_built=&#8221;1&#8243; disabled_on=&#8221;on|on|on&#8221; _builder_version=&#8221;4.16&#8243; _module_preset=&#8221;default&#8221; background_enable_color=&#8221;off&#8221; disabled=&#8221;on&#8221; global_colors_info=&#8221;{}&#8221;][\/et_pb_section]<\/p>\n","protected":false},"excerpt":{"rendered":"<p>Company Profile<\/p>\n","protected":false},"author":41,"featured_media":0,"parent":3632,"menu_order":0,"comment_status":"closed","ping_status":"closed","template":"","meta":{"_et_pb_use_builder":"on","_et_pb_old_content":"","_et_gb_content_width":"","footnotes":""},"yoast_head":"<!-- This site is optimized with the Yoast SEO plugin v19.10 - https:\/\/yoast.com\/wordpress\/plugins\/seo\/ -->\n<title>Company Profile - Uniras Medica<\/title>\n<meta name=\"robots\" content=\"index, follow, max-snippet:-1, max-image-preview:large, max-video-preview:-1\" \/>\n<link rel=\"canonical\" href=\"https:\/\/www.unirasmedica.it\/?page_id=4346\" \/>\n<meta property=\"og:locale\" content=\"it_IT\" \/>\n<meta property=\"og:type\" content=\"article\" \/>\n<meta property=\"og:title\" content=\"Company Profile - Uniras Medica\" \/>\n<meta property=\"og:description\" content=\"Company Profile\" \/>\n<meta property=\"og:url\" content=\"https:\/\/www.unirasmedica.it\/?page_id=4346\" \/>\n<meta property=\"og:site_name\" content=\"Uniras Medica\" \/>\n<meta property=\"article:modified_time\" content=\"2024-06-19T17:07:33+00:00\" \/>\n<meta name=\"twitter:card\" content=\"summary_large_image\" \/>\n<meta name=\"twitter:label1\" content=\"Tempo di lettura stimato\" \/>\n\t<meta name=\"twitter:data1\" content=\"6 minuti\" \/>\n<script type=\"application\/ld+json\" class=\"yoast-schema-graph\">{\"@context\":\"https:\/\/schema.org\",\"@graph\":[{\"@type\":\"WebPage\",\"@id\":\"https:\/\/www.unirasmedica.it\/?page_id=4346\",\"url\":\"https:\/\/www.unirasmedica.it\/?page_id=4346\",\"name\":\"Company Profile - Uniras Medica\",\"isPartOf\":{\"@id\":\"https:\/\/www.unirasmedica.it\/#website\"},\"datePublished\":\"2021-01-18T13:37:39+00:00\",\"dateModified\":\"2024-06-19T17:07:33+00:00\",\"breadcrumb\":{\"@id\":\"https:\/\/www.unirasmedica.it\/?page_id=4346#breadcrumb\"},\"inLanguage\":\"it-IT\",\"potentialAction\":[{\"@type\":\"ReadAction\",\"target\":[\"https:\/\/www.unirasmedica.it\/?page_id=4346\"]}]},{\"@type\":\"BreadcrumbList\",\"@id\":\"https:\/\/www.unirasmedica.it\/?page_id=4346#breadcrumb\",\"itemListElement\":[{\"@type\":\"ListItem\",\"position\":1,\"name\":\"Home\",\"item\":\"https:\/\/www.unirasmedica.it\/\"},{\"@type\":\"ListItem\",\"position\":2,\"name\":\"Uniras medica\",\"item\":\"https:\/\/www.unirasmedica.it\/?page_id=3632\"},{\"@type\":\"ListItem\",\"position\":3,\"name\":\"Company Profile\"}]},{\"@type\":\"WebSite\",\"@id\":\"https:\/\/www.unirasmedica.it\/#website\",\"url\":\"https:\/\/www.unirasmedica.it\/\",\"name\":\"Uniras Medica\",\"description\":\"Servizio etico gratuito e divulgazione scientifica\",\"potentialAction\":[{\"@type\":\"SearchAction\",\"target\":{\"@type\":\"EntryPoint\",\"urlTemplate\":\"https:\/\/www.unirasmedica.it\/?s={search_term_string}\"},\"query-input\":\"required name=search_term_string\"}],\"inLanguage\":\"it-IT\"}]}<\/script>\n<!-- \/ Yoast SEO plugin. -->","yoast_head_json":{"title":"Company Profile - Uniras Medica","robots":{"index":"index","follow":"follow","max-snippet":"max-snippet:-1","max-image-preview":"max-image-preview:large","max-video-preview":"max-video-preview:-1"},"canonical":"https:\/\/www.unirasmedica.it\/?page_id=4346","og_locale":"it_IT","og_type":"article","og_title":"Company Profile - Uniras Medica","og_description":"Company Profile","og_url":"https:\/\/www.unirasmedica.it\/?page_id=4346","og_site_name":"Uniras Medica","article_modified_time":"2024-06-19T17:07:33+00:00","twitter_card":"summary_large_image","twitter_misc":{"Tempo di lettura stimato":"6 minuti"},"schema":{"@context":"https:\/\/schema.org","@graph":[{"@type":"WebPage","@id":"https:\/\/www.unirasmedica.it\/?page_id=4346","url":"https:\/\/www.unirasmedica.it\/?page_id=4346","name":"Company Profile - Uniras Medica","isPartOf":{"@id":"https:\/\/www.unirasmedica.it\/#website"},"datePublished":"2021-01-18T13:37:39+00:00","dateModified":"2024-06-19T17:07:33+00:00","breadcrumb":{"@id":"https:\/\/www.unirasmedica.it\/?page_id=4346#breadcrumb"},"inLanguage":"it-IT","potentialAction":[{"@type":"ReadAction","target":["https:\/\/www.unirasmedica.it\/?page_id=4346"]}]},{"@type":"BreadcrumbList","@id":"https:\/\/www.unirasmedica.it\/?page_id=4346#breadcrumb","itemListElement":[{"@type":"ListItem","position":1,"name":"Home","item":"https:\/\/www.unirasmedica.it\/"},{"@type":"ListItem","position":2,"name":"Uniras medica","item":"https:\/\/www.unirasmedica.it\/?page_id=3632"},{"@type":"ListItem","position":3,"name":"Company Profile"}]},{"@type":"WebSite","@id":"https:\/\/www.unirasmedica.it\/#website","url":"https:\/\/www.unirasmedica.it\/","name":"Uniras Medica","description":"Servizio etico gratuito e divulgazione scientifica","potentialAction":[{"@type":"SearchAction","target":{"@type":"EntryPoint","urlTemplate":"https:\/\/www.unirasmedica.it\/?s={search_term_string}"},"query-input":"required name=search_term_string"}],"inLanguage":"it-IT"}]}},"_links":{"self":[{"href":"https:\/\/www.unirasmedica.it\/index.php?rest_route=\/wp\/v2\/pages\/4346"}],"collection":[{"href":"https:\/\/www.unirasmedica.it\/index.php?rest_route=\/wp\/v2\/pages"}],"about":[{"href":"https:\/\/www.unirasmedica.it\/index.php?rest_route=\/wp\/v2\/types\/page"}],"author":[{"embeddable":true,"href":"https:\/\/www.unirasmedica.it\/index.php?rest_route=\/wp\/v2\/users\/41"}],"replies":[{"embeddable":true,"href":"https:\/\/www.unirasmedica.it\/index.php?rest_route=%2Fwp%2Fv2%2Fcomments&post=4346"}],"version-history":[{"count":22,"href":"https:\/\/www.unirasmedica.it\/index.php?rest_route=\/wp\/v2\/pages\/4346\/revisions"}],"predecessor-version":[{"id":5623,"href":"https:\/\/www.unirasmedica.it\/index.php?rest_route=\/wp\/v2\/pages\/4346\/revisions\/5623"}],"up":[{"embeddable":true,"href":"https:\/\/www.unirasmedica.it\/index.php?rest_route=\/wp\/v2\/pages\/3632"}],"wp:attachment":[{"href":"https:\/\/www.unirasmedica.it\/index.php?rest_route=%2Fwp%2Fv2%2Fmedia&parent=4346"}],"curies":[{"name":"wp","href":"https:\/\/api.w.org\/{rel}","templated":true}]}}