{"id":4443,"date":"2021-01-19T12:07:05","date_gmt":"2021-01-19T11:07:05","guid":{"rendered":"https:\/\/unirasmedica.relaxzone.it\/?page_id=4443"},"modified":"2022-01-03T09:42:45","modified_gmt":"2022-01-03T08:42:45","slug":"informazione","status":"publish","type":"page","link":"https:\/\/www.unirasmedica.it\/?page_id=4443","title":{"rendered":"Informazione"},"content":{"rendered":"<p>[et_pb_section fb_built=&#8221;1&#8243; _builder_version=&#8221;4.6.1&#8243; _module_preset=&#8221;default&#8221; use_background_color_gradient=&#8221;on&#8221; background_color_gradient_start=&#8221;rgba(3,92,197,0.7)&#8221; background_color_gradient_end=&#8221;rgba(3,92,197,0.7)&#8221; background_color_gradient_overlays_image=&#8221;on&#8221; background_image=&#8221;https:\/\/www.unirasmedica.it\/wp-content\/uploads\/2016\/03\/dentist-06.jpg&#8221; custom_padding=&#8221;0px||0px||true|false&#8221;][et_pb_row column_structure=&#8221;1_3,1_3,1_3&#8243; _builder_version=&#8221;4.8.1&#8243; _module_preset=&#8221;default&#8221; background_color=&#8221;#ffffff&#8221; width=&#8221;100%&#8221; max_width=&#8221;100%&#8221; custom_padding=&#8221;0px||0px||true|false&#8221; background_last_edited=&#8221;on|phone&#8221; custom_css_main_element=&#8221;display: flex;||align-items: center;||flex-wrap: wrap;&#8221;][et_pb_column type=&#8221;1_3&#8243; disabled_on=&#8221;on|off|off&#8221; _builder_version=&#8221;4.8.1&#8243; _module_preset=&#8221;default&#8221; background_enable_color=&#8221;off&#8221; positioning=&#8221;fixed&#8221; position_origin_a_tablet=&#8221;&#8221; position_origin_a_phone=&#8221;&#8221; position_origin_a_last_edited=&#8221;on|desktop&#8221; position_origin_f_tablet=&#8221;&#8221; position_origin_f_phone=&#8221;top_left&#8221; position_origin_f_last_edited=&#8221;on|desktop&#8221; position_origin_r_tablet=&#8221;&#8221; position_origin_r_phone=&#8221;&#8221; position_origin_r_last_edited=&#8221;on|desktop&#8221; positioning_tablet=&#8221;relative&#8221; positioning_phone=&#8221;none&#8221; positioning_last_edited=&#8221;on|tablet&#8221; custom_css_main_element=&#8221;||\/* Keyword values *\/||background-attachment: scroll;||background-attachment: fixed;||background-attachment: local;||display: fixed;&#8221; custom_css_main_element_last_edited=&#8221;on|desktop&#8221;][et_pb_image src=&#8221;https:\/\/www.unirasmedica.it\/wp-content\/uploads\/2021\/01\/Certification.jpg&#8221; title_text=&#8221;Certification&#8221; force_fullwidth=&#8221;on&#8221; disabled_on=&#8221;on|on|off&#8221; _builder_version=&#8221;4.8.1&#8243; _module_preset=&#8221;default&#8221;][\/et_pb_image][et_pb_code _builder_version=&#8221;4.8.1&#8243; _module_preset=&#8221;default&#8221;][\/et_pb_code][\/et_pb_column][et_pb_column type=&#8221;1_3&#8243; disabled_on=&#8221;on|on|on&#8221; _builder_version=&#8221;4.8.1&#8243; _module_preset=&#8221;default&#8221; background_enable_color=&#8221;off&#8221; disabled=&#8221;on&#8221;][\/et_pb_column][et_pb_column type=&#8221;1_3&#8243; disabled_on=&#8221;on|on|on&#8221; _builder_version=&#8221;4.8.1&#8243; _module_preset=&#8221;default&#8221; background_enable_color=&#8221;off&#8221; disabled=&#8221;on&#8221;][\/et_pb_column][\/et_pb_row][\/et_pb_section][et_pb_section fb_built=&#8221;1&#8243; _builder_version=&#8221;4.8.1&#8243; _module_preset=&#8221;default&#8221; background_enable_image=&#8221;off&#8221;][et_pb_row column_structure=&#8221;1_3,2_3&#8243; _builder_version=&#8221;4.8.1&#8243; _module_preset=&#8221;default&#8221; custom_padding=&#8221;||0px|||&#8221;][et_pb_column type=&#8221;1_3&#8243; disabled_on=&#8221;on|on|off&#8221; _builder_version=&#8221;4.8.1&#8243; _module_preset=&#8221;default&#8221;][\/et_pb_column][et_pb_column type=&#8221;2_3&#8243; _builder_version=&#8221;4.8.1&#8243; _module_preset=&#8221;default&#8221;][et_pb_text _builder_version=&#8221;4.8.2&#8243; _module_preset=&#8221;default&#8221; text_font=&#8221;ABeeZee||||||||&#8221; text_font_size=&#8221;18px&#8221; text_line_height=&#8221;2em&#8221; background_color=&#8221;#FFFFFF&#8221; custom_margin=&#8221;15px|11px|15px|11px|false|false&#8221; custom_padding=&#8221;5px|5px|5px|5px|false|false&#8221; custom_padding_tablet=&#8221;|20px||20px|false|false&#8221; custom_padding_phone=&#8221;|5px||5px|false|false&#8221; custom_padding_last_edited=&#8221;on|tablet&#8221; text_font_size_tablet=&#8221;&#8221; text_font_size_phone=&#8221;14px&#8221; text_font_size_last_edited=&#8221;on|desktop&#8221; text_line_height_tablet=&#8221;&#8221; text_line_height_phone=&#8221;1.7em&#8221; text_line_height_last_edited=&#8221;on|desktop&#8221;]<\/p>\n<div class=\"et_pb_module et_pb_text et_pb_text_4  et_pb_text_align_left et_pb_bg_layout_light\">\n<div class=\"et_pb_text_inner\">\n<p><strong>INFORMARE IL PUBBLICO \u00c8 PI\u00d9 CHE UNA MISSION \u00c8 UN DOVERE!\u00a0<\/strong><\/p>\n<p style=\"text-align: justify;\">Evolvere in una societ\u00e0 e in una situazione drammatica, come quella che stiamo tutti vivendo, richiede molto impegno da parte nostra; per tale motivo si \u00e8 ritenuto opportuno creare questo portale dinamico di informazione scientifica, generando una concreta e corretta forma di dialogo fra gli utenti e noi. E\u2019 un arricchimento culturale e non solo, anche acquisizione di consigli e inoltre (attraverso la registrazione sul portale, nel pieno rispetto della normativa sulla privacy) l\u2019utente potr\u00e0 interagire con i medici, i riabilitatori e gli altri esperti del team scientifico, fruendo del Blog che per noi di Uniras Medica rappresenta una \u201cmano tesa\u201d verso chi ha fame di informazioni e bisogno di consigli e supporto.<\/p>\n<\/div>\n<\/div>\n<p>[\/et_pb_text][\/et_pb_column][\/et_pb_row][\/et_pb_section][et_pb_section fb_built=&#8221;1&#8243; disabled_on=&#8221;on|on|on&#8221; _builder_version=&#8221;4.8.1&#8243; _module_preset=&#8221;default&#8221; background_enable_color=&#8221;off&#8221; disabled=&#8221;on&#8221;][\/et_pb_section]<\/p>\n","protected":false},"excerpt":{"rendered":"<p>Company Profile<\/p>\n","protected":false},"author":41,"featured_media":0,"parent":3727,"menu_order":0,"comment_status":"closed","ping_status":"closed","template":"","meta":{"_et_pb_use_builder":"on","_et_pb_old_content":"","_et_gb_content_width":"","footnotes":""},"yoast_head":"<!-- This site is optimized with the Yoast SEO plugin v19.10 - https:\/\/yoast.com\/wordpress\/plugins\/seo\/ -->\n<title>Informazione - Uniras Medica<\/title>\n<meta name=\"robots\" content=\"index, follow, max-snippet:-1, max-image-preview:large, max-video-preview:-1\" \/>\n<link rel=\"canonical\" href=\"http:\/\/www.unirasmedica.it\/?page_id=4443\" \/>\n<meta property=\"og:locale\" content=\"it_IT\" \/>\n<meta property=\"og:type\" content=\"article\" \/>\n<meta property=\"og:title\" content=\"Informazione - Uniras Medica\" \/>\n<meta property=\"og:description\" content=\"Company Profile\" \/>\n<meta property=\"og:url\" content=\"http:\/\/www.unirasmedica.it\/?page_id=4443\" \/>\n<meta property=\"og:site_name\" content=\"Uniras Medica\" \/>\n<meta property=\"article:modified_time\" content=\"2022-01-03T08:42:45+00:00\" \/>\n<meta name=\"twitter:card\" content=\"summary_large_image\" \/>\n<meta name=\"twitter:label1\" content=\"Tempo di lettura stimato\" \/>\n\t<meta name=\"twitter:data1\" content=\"3 minuti\" \/>\n<script type=\"application\/ld+json\" class=\"yoast-schema-graph\">{\"@context\":\"https:\/\/schema.org\",\"@graph\":[{\"@type\":\"WebPage\",\"@id\":\"http:\/\/www.unirasmedica.it\/?page_id=4443\",\"url\":\"http:\/\/www.unirasmedica.it\/?page_id=4443\",\"name\":\"Informazione - Uniras Medica\",\"isPartOf\":{\"@id\":\"https:\/\/www.unirasmedica.it\/#website\"},\"datePublished\":\"2021-01-19T11:07:05+00:00\",\"dateModified\":\"2022-01-03T08:42:45+00:00\",\"breadcrumb\":{\"@id\":\"http:\/\/www.unirasmedica.it\/?page_id=4443#breadcrumb\"},\"inLanguage\":\"it-IT\",\"potentialAction\":[{\"@type\":\"ReadAction\",\"target\":[\"http:\/\/www.unirasmedica.it\/?page_id=4443\"]}]},{\"@type\":\"BreadcrumbList\",\"@id\":\"http:\/\/www.unirasmedica.it\/?page_id=4443#breadcrumb\",\"itemListElement\":[{\"@type\":\"ListItem\",\"position\":1,\"name\":\"Home\",\"item\":\"https:\/\/www.unirasmedica.it\/\"},{\"@type\":\"ListItem\",\"position\":2,\"name\":\"Il portale\",\"item\":\"http:\/\/www.unirasmedica.it\/?page_id=3727\"},{\"@type\":\"ListItem\",\"position\":3,\"name\":\"Informazione\"}]},{\"@type\":\"WebSite\",\"@id\":\"https:\/\/www.unirasmedica.it\/#website\",\"url\":\"https:\/\/www.unirasmedica.it\/\",\"name\":\"Uniras Medica\",\"description\":\"Servizio etico gratuito e divulgazione scientifica\",\"potentialAction\":[{\"@type\":\"SearchAction\",\"target\":{\"@type\":\"EntryPoint\",\"urlTemplate\":\"https:\/\/www.unirasmedica.it\/?s={search_term_string}\"},\"query-input\":\"required name=search_term_string\"}],\"inLanguage\":\"it-IT\"}]}<\/script>\n<!-- \/ Yoast SEO plugin. -->","yoast_head_json":{"title":"Informazione - Uniras Medica","robots":{"index":"index","follow":"follow","max-snippet":"max-snippet:-1","max-image-preview":"max-image-preview:large","max-video-preview":"max-video-preview:-1"},"canonical":"http:\/\/www.unirasmedica.it\/?page_id=4443","og_locale":"it_IT","og_type":"article","og_title":"Informazione - Uniras Medica","og_description":"Company Profile","og_url":"http:\/\/www.unirasmedica.it\/?page_id=4443","og_site_name":"Uniras Medica","article_modified_time":"2022-01-03T08:42:45+00:00","twitter_card":"summary_large_image","twitter_misc":{"Tempo di lettura stimato":"3 minuti"},"schema":{"@context":"https:\/\/schema.org","@graph":[{"@type":"WebPage","@id":"http:\/\/www.unirasmedica.it\/?page_id=4443","url":"http:\/\/www.unirasmedica.it\/?page_id=4443","name":"Informazione - Uniras Medica","isPartOf":{"@id":"https:\/\/www.unirasmedica.it\/#website"},"datePublished":"2021-01-19T11:07:05+00:00","dateModified":"2022-01-03T08:42:45+00:00","breadcrumb":{"@id":"http:\/\/www.unirasmedica.it\/?page_id=4443#breadcrumb"},"inLanguage":"it-IT","potentialAction":[{"@type":"ReadAction","target":["http:\/\/www.unirasmedica.it\/?page_id=4443"]}]},{"@type":"BreadcrumbList","@id":"http:\/\/www.unirasmedica.it\/?page_id=4443#breadcrumb","itemListElement":[{"@type":"ListItem","position":1,"name":"Home","item":"https:\/\/www.unirasmedica.it\/"},{"@type":"ListItem","position":2,"name":"Il portale","item":"http:\/\/www.unirasmedica.it\/?page_id=3727"},{"@type":"ListItem","position":3,"name":"Informazione"}]},{"@type":"WebSite","@id":"https:\/\/www.unirasmedica.it\/#website","url":"https:\/\/www.unirasmedica.it\/","name":"Uniras Medica","description":"Servizio etico gratuito e divulgazione scientifica","potentialAction":[{"@type":"SearchAction","target":{"@type":"EntryPoint","urlTemplate":"https:\/\/www.unirasmedica.it\/?s={search_term_string}"},"query-input":"required name=search_term_string"}],"inLanguage":"it-IT"}]}},"_links":{"self":[{"href":"https:\/\/www.unirasmedica.it\/index.php?rest_route=\/wp\/v2\/pages\/4443"}],"collection":[{"href":"https:\/\/www.unirasmedica.it\/index.php?rest_route=\/wp\/v2\/pages"}],"about":[{"href":"https:\/\/www.unirasmedica.it\/index.php?rest_route=\/wp\/v2\/types\/page"}],"author":[{"embeddable":true,"href":"https:\/\/www.unirasmedica.it\/index.php?rest_route=\/wp\/v2\/users\/41"}],"replies":[{"embeddable":true,"href":"https:\/\/www.unirasmedica.it\/index.php?rest_route=%2Fwp%2Fv2%2Fcomments&post=4443"}],"version-history":[{"count":5,"href":"https:\/\/www.unirasmedica.it\/index.php?rest_route=\/wp\/v2\/pages\/4443\/revisions"}],"predecessor-version":[{"id":5209,"href":"https:\/\/www.unirasmedica.it\/index.php?rest_route=\/wp\/v2\/pages\/4443\/revisions\/5209"}],"up":[{"embeddable":true,"href":"https:\/\/www.unirasmedica.it\/index.php?rest_route=\/wp\/v2\/pages\/3727"}],"wp:attachment":[{"href":"https:\/\/www.unirasmedica.it\/index.php?rest_route=%2Fwp%2Fv2%2Fmedia&parent=4443"}],"curies":[{"name":"wp","href":"https:\/\/api.w.org\/{rel}","templated":true}]}}